{"id":28,"date":"2021-10-27T15:25:38","date_gmt":"2021-10-27T06:25:38","guid":{"rendered":"http:\/\/jsrs.tokyo\/0_web\/?page_id=28"},"modified":"2024-06-28T11:37:22","modified_gmt":"2024-06-28T02:37:22","slug":"%e5%bd%b9%e5%93%a1%e4%b8%80%e8%a6%a7","status":"publish","type":"page","link":"https:\/\/jsrs.tokyo\/?page_id=28","title":{"rendered":"\u5f79\u54e1\u4e00\u89a7"},"content":{"rendered":"<h3>\u5f79\u54e1\u4e00\u89a7<\/h3>\n<h4>\u65e5\u672c\u652f\u90e8<\/h4>\n<table class=\"dotted\" style=\"width: 100%; height: 616px;\">\n<tbody>\n<tr style=\"height: 28px;\">\n<td class=\"justify nobr\" style=\"height: 28px; width: 9.29625%;\">\u540d\u8a89\u4f1a\u54e1<\/td>\n<td style=\"height: 28px; width: 90.6091%;\"><strong>\u5c0f\u585a \u9686\u5f18<\/strong>\uff08\u5e02\u7acb\u8c9d\u585a\u75c5\u9662\uff09<\/td>\n<\/tr>\n<tr style=\"height: 28px;\">\n<td class=\"justify nobr\" style=\"height: 28px; width: 9.29625%;\">\u540d\u8a89\u4f1a\u54e1<\/td>\n<td style=\"height: 28px; width: 90.6091%;\"><strong>\u9688\u5d0e \u9054\u592b<\/strong>\uff08\u6771\u4eac\u30e1\u30c7\u30a3\u30b5\u30a4\u30c8\u30af\u30ea\u30cb\u30c3\u30af\uff09<\/td>\n<\/tr>\n<tr style=\"height: 28px;\">\n<td class=\"justify nobr\" style=\"height: 28px; width: 9.29625%;\">\u7406\u4e8b\u9577<\/td>\n<td style=\"height: 28px; width: 90.6091%;\"><strong>\u5bfe\u99ac \u7fa9\u4eba<\/strong>\uff08\u7fa4\u99ac\u5927\u5b66\uff09<\/td>\n<\/tr>\n<tr style=\"height: 28px;\">\n<td class=\"justify nobr\" style=\"height: 28px; width: 9.29625%;\">\u526f\u7406\u4e8b\u9577<\/td>\n<td style=\"height: 28px; width: 90.6091%;\"><strong>\u7560\u4e2d \u6b63\u5149<\/strong>\uff08\u672d\u5e4c\u533b\u79d1\u5927\u5b66\uff09<\/td>\n<\/tr>\n<tr style=\"height: 28px;\">\n<td class=\"justify nobr\" style=\"height: 28px; width: 9.29625%;\">\u526f\u7406\u4e8b\u9577<\/td>\n<td style=\"height: 28px; width: 90.6091%;\"><strong>\u9e7f\u6238 \u5c06\u53f2<\/strong>\uff08\u5c71\u5f62\u5927\u5b66\uff09<\/td>\n<\/tr>\n<tr style=\"height: 28px;\">\n<td class=\"justify nobr\" style=\"height: 28px; width: 9.29625%;\">\u76e3\u4e8b<\/td>\n<td style=\"height: 28px; width: 90.6091%;\"><strong>\u9ad8\u6728 \u4eae<\/strong>\uff08\u65e5\u672c\u5927\u5b66\uff09<\/td>\n<\/tr>\n<tr style=\"height: 28px;\">\n<td class=\"justify nobr\" style=\"height: 28px; width: 9.29625%;\">\u7406\u4e8b<\/td>\n<td style=\"height: 28px; width: 90.6091%;\"><strong>\u7d30\u77e2 \u8cb4\u4eae<\/strong>\uff08\u5c71\u5f62\u6e08\u751f\u75c5\u9662\uff09<\/td>\n<\/tr>\n<tr style=\"height: 28px;\">\n<td class=\"justify nobr\" style=\"height: 28px; width: 9.29625%;\">\u7406\u4e8b<\/td>\n<td style=\"height: 28px; width: 90.6091%;\"><strong>\u9580\u524d \u82b3\u592b<\/strong>\uff08\u4f50\u4e16\u4fdd\u5e02\u7dcf\u5408\u533b\u7642\u30bb\u30f3\u30bf\u30fc\uff09<\/td>\n<\/tr>\n<tr style=\"height: 28px;\">\n<td class=\"justify nobr\" style=\"height: 28px; width: 9.29625%;\">\u7406\u4e8b<\/td>\n<td style=\"height: 28px; width: 90.6091%;\"><strong>\u5c71\u7530 \u54f2\u4e45<\/strong>\uff08\u65e5\u672c\u8d64\u5341\u5b57\u793e\u533b\u7642\u30bb\u30f3\u30bf\u30fc\uff09<\/td>\n<\/tr>\n<tr style=\"height: 28px;\">\n<td class=\"justify nobr\" style=\"height: 28px; width: 9.29625%;\">\u7406\u4e8b<\/td>\n<td style=\"height: 28px; width: 90.6091%;\"><strong>\u4f50\u85e4 \u53cb\u4fdd<\/strong>\uff08\u571f\u8c37\u7dcf\u5408\u75c5\u9662\uff09<\/td>\n<\/tr>\n<tr style=\"height: 28px;\">\n<td class=\"justify nobr\" style=\"height: 28px; width: 9.29625%;\">\u7406\u4e8b<\/td>\n<td style=\"height: 28px; width: 90.6091%;\"><strong>\u6751\u7530 \u667a<\/strong>\uff08\u5e1d\u4eac\u5927\u5b66\u3061\u3070\u7dcf\u5408\u533b\u7642\u30bb\u30f3\u30bf\u30fc\uff09<\/td>\n<\/tr>\n<tr style=\"height: 28px;\">\n<td class=\"justify nobr\" style=\"height: 28px; width: 9.29625%;\">\u7406\u4e8b<\/td>\n<td style=\"height: 28px; width: 90.6091%;\"><strong>\u5c71\u53e3 \u96c5\u4eba<\/strong>\uff08\u795e\u6238\u5927\u5b66\uff09<\/td>\n<\/tr>\n<tr style=\"height: 28px;\">\n<td class=\"justify nobr\" style=\"height: 28px; width: 9.29625%;\">\u7406\u4e8b<\/td>\n<td style=\"height: 28px; width: 90.6091%;\"><strong>\u9ed2\u6728 \u4e00\u5178<\/strong>\uff08\u305f\u307e\u65e5\u5409\u53f0\u75c5\u9662\uff09<\/td>\n<\/tr>\n<tr style=\"height: 28px;\">\n<td class=\"justify nobr\" style=\"height: 28px; width: 9.29625%;\">\u7406\u4e8b<\/td>\n<td style=\"height: 28px; width: 90.6091%;\"><strong>\u8fd1\u85e4 \u535a\u53f2<\/strong>\uff08\u5354\u7acb\u8a18\u5ff5\u75c5\u9662\uff09<\/td>\n<\/tr>\n<tr style=\"height: 28px;\">\n<td class=\"justify nobr\" style=\"height: 28px; width: 9.29625%;\">\u7406\u4e8b<\/td>\n<td style=\"height: 28px; width: 90.6091%;\"><strong>\u7530\u5cf6 \u5ee3\u4e4b<\/strong>\uff08\u57fc\u7389\u533b\u79d1\u5927\u5b66\u56fd\u969b\u533b\u7642\u30bb\u30f3\u30bf\u30fc\uff09<\/td>\n<\/tr>\n<tr style=\"height: 28px;\">\n<td class=\"justify nobr\" style=\"height: 28px; width: 9.29625%;\">\u7406\u4e8b<\/td>\n<td style=\"height: 28px; width: 90.6091%;\"><strong>\u77f3\u7530 \u9686\u884c<\/strong>\uff08\u5927\u962a\u5927\u5b66\uff09<\/td>\n<\/tr>\n<tr style=\"height: 28px;\">\n<td class=\"justify nobr\" style=\"height: 28px; width: 9.29625%;\">\u7406\u4e8b<\/td>\n<td style=\"height: 28px; width: 90.6091%;\"><strong>\u4e2d\u6751 \u548c\u6b63<\/strong>\uff08\u6d5c\u677e\u533b\u79d1\u5927\u5b66\uff09<\/td>\n<\/tr>\n<tr style=\"height: 28px;\">\n<td class=\"justify nobr\" style=\"height: 28px; width: 9.29625%;\">\u7406\u4e8b<\/td>\n<td style=\"height: 28px; width: 90.6091%;\"><strong>\u5b89\u85e4 \u5bb9\u5b50<\/strong>\uff08\u540d\u53e4\u5c4b\u57ce\u5317\u653e\u5c04\u7dda\u79d1\u30af\u30ea\u30cb\u30c3\u30af\uff09<\/td>\n<\/tr>\n<tr style=\"height: 28px;\">\n<td class=\"justify nobr\" style=\"height: 28px; width: 9.29625%;\">\u7406\u4e8b<\/td>\n<td style=\"height: 28px; width: 90.6091%;\"><strong>\u5c0f\u91ce\u6fa4 \u5fd7\u90ce<\/strong>\uff08\u674f\u6797\u5927\u5b66\uff09<\/td>\n<\/tr>\n<tr style=\"height: 28px;\">\n<td class=\"justify nobr\" style=\"height: 28px; width: 9.29625%;\">\u7406\u4e8b<\/td>\n<td style=\"height: 28px; width: 90.6091%;\"><strong>\u5dba \u8cb4\u5f66<\/strong>\uff08\u65e5\u672c\u533b\u79d1\u5927\u5b66\u5317\u7dcf\u75c5\u9662\uff09<\/td>\n<\/tr>\n<tr style=\"height: 28px;\">\n<td class=\"justify nobr\" style=\"height: 28px; width: 9.29625%;\"><span style=\"font-size: 12pt;\">\u7406\u4e8b<\/span><\/td>\n<td style=\"height: 28px; width: 90.6091%;\"><strong>\u91d1 \u821e<\/strong>\uff08\u7fa4\u99ac\u5927\u5b66\uff09<\/td>\n<\/tr>\n<tr style=\"height: 28px;\">\n<td class=\"justify nobr\" style=\"height: 28px; width: 9.29625%;\"><span style=\"font-size: 12pt;\">\u7406\u4e8b<\/span><\/td>\n<td style=\"height: 28px; width: 90.6091%;\"><strong>\u4f0a\u85e4 \u6d69<\/strong>\uff08\u798f\u5cf6\u770c\u7acb\u533b\u79d1\u5927\u5b66\uff09<\/td>\n<\/tr>\n<\/tbody>\n<\/table>\n<h4><\/h4>\n<h4>\u30b9\u30ab\u30f3\u30b8\u30ca\u30d3\u30a2\u652f\u90e8<\/h4>\n<h6>Sweden<\/h6>\n<table class=\"dotted\">\n<tbody>\n<tr>\n<td class=\"justify nobr\">\u5e79\u4e8b<\/td>\n<td><strong>Rimma Axelsson<\/strong>\uff08Stockholm\uff09<\/td>\n<\/tr>\n<tr>\n<td class=\"justify nobr\">\u5e79\u4e8b<\/td>\n<td><strong>Nils Dahlstr\u00f6m<\/strong>\uff08Link\u00f6ping\uff09<\/td>\n<\/tr>\n<\/tbody>\n<\/table>\n<h6>Denmark<\/h6>\n<table class=\"dotted\">\n<tbody>\n<tr>\n<td class=\"justify nobr\">\u5e79\u4e8b<\/td>\n<td><strong>S\u00f8ren Rafaelsen<\/strong>\uff08Vejle\uff09<\/td>\n<\/tr>\n<tr>\n<td class=\"justify nobr\">\u5e79\u4e8b<\/td>\n<td><strong>Gina Al-Farra<\/strong>\uff08Herlev\uff09<\/td>\n<\/tr>\n<tr>\n<td class=\"justify nobr\">\u5e79\u4e8b<\/td>\n<td><strong>Kyoko Sakata Rasmussen<\/strong>\uff08Hvidovre\uff09<\/td>\n<\/tr>\n<tr>\n<td class=\"justify nobr\">\u5e79\u4e8b<\/td>\n<td><strong>Gen\u00e7ay G\u00fcl<\/strong>\uff08Hvidovre\uff09<\/td>\n<\/tr>\n<\/tbody>\n<\/table>\n<h6>Norway<\/h6>\n<table class=\"dotted\">\n<tbody>\n<tr>\n<td class=\"justify nobr\">\u5e79\u4e8b<\/td>\n<td><strong>Ingfrid Salvesen Haldorsen<\/strong>\uff08Bergen\uff09<\/td>\n<\/tr>\n<tr>\n<td class=\"justify nobr\">\u5e79\u4e8b<\/td>\n<td><strong>Harald Nes<\/strong>\uff08Haugesund\uff09<\/td>\n<\/tr>\n<tr>\n<td class=\"justify nobr\">\u5e79\u4e8b<\/td>\n<td><strong>Mona Kristiansen Beyer<\/strong>\uff08Oslo\uff09<\/td>\n<\/tr>\n<\/tbody>\n<\/table>\n<h6>Finland<\/h6>\n<table class=\"dotted\">\n<tbody>\n<tr>\n<td class=\"justify nobr\">\u5e79\u4e8b<\/td>\n<td><strong>Hannu. J. Aronen<\/strong>\uff08Turku\uff09<\/td>\n<\/tr>\n<tr>\n<td class=\"justify nobr\">\u5e79\u4e8b<\/td>\n<td><strong>Jarmo Reponen<\/strong>\uff08Raahe\uff09<\/td>\n<\/tr>\n<\/tbody>\n<\/table>\n<h6>Iceland<\/h6>\n<table class=\"dotted\">\n<tbody>\n<tr>\n<td class=\"justify nobr\">\u5e79\u4e8b<\/td>\n<td><strong>Hjalti M\u00e1r \u00de\u00f3risson<\/strong>\uff08Reykjavik\uff09<\/td>\n<\/tr>\n<\/tbody>\n<\/table>\n","protected":false},"excerpt":{"rendered":"<p>\u5f79\u54e1\u4e00\u89a7 \u65e5\u672c\u652f\u90e8 \u540d\u8a89\u4f1a\u54e1 \u5c0f\u585a \u9686\u5f18\uff08\u5e02\u7acb\u8c9d\u585a\u75c5\u9662\uff09 \u540d\u8a89\u4f1a\u54e1 \u9688\u5d0e \u9054\u592b\uff08\u6771\u4eac\u30e1\u30c7\u30a3\u30b5\u30a4\u30c8\u30af\u30ea\u30cb\u30c3\u30af\uff09 \u7406\u4e8b\u9577 \u5bfe\u99ac \u7fa9\u4eba\uff08\u7fa4\u99ac\u5927\u5b66\uff09 \u526f\u7406\u4e8b\u9577 \u7560\u4e2d \u6b63\u5149\uff08\u672d\u5e4c\u533b\u79d1\u5927\u5b66\uff09 \u526f\u7406\u4e8b\u9577 \u9e7f\u6238 \u5c06\u53f2\uff08\u5c71\u5f62\u5927\u5b66\uff09 \u76e3\u4e8b  [&hellip;]<\/p>\n","protected":false},"author":1,"featured_media":0,"parent":10,"menu_order":7,"comment_status":"closed","ping_status":"closed","template":"tpl_siblings.php","meta":{"_acf_changed":false,"footnotes":""},"class_list":["post-28","page","type-page","status-publish","hentry"],"acf":[],"_links":{"self":[{"href":"https:\/\/jsrs.tokyo\/index.php?rest_route=\/wp\/v2\/pages\/28","targetHints":{"allow":["GET"]}}],"collection":[{"href":"https:\/\/jsrs.tokyo\/index.php?rest_route=\/wp\/v2\/pages"}],"about":[{"href":"https:\/\/jsrs.tokyo\/index.php?rest_route=\/wp\/v2\/types\/page"}],"author":[{"embeddable":true,"href":"https:\/\/jsrs.tokyo\/index.php?rest_route=\/wp\/v2\/users\/1"}],"replies":[{"embeddable":true,"href":"https:\/\/jsrs.tokyo\/index.php?rest_route=%2Fwp%2Fv2%2Fcomments&post=28"}],"version-history":[{"count":10,"href":"https:\/\/jsrs.tokyo\/index.php?rest_route=\/wp\/v2\/pages\/28\/revisions"}],"predecessor-version":[{"id":403,"href":"https:\/\/jsrs.tokyo\/index.php?rest_route=\/wp\/v2\/pages\/28\/revisions\/403"}],"up":[{"embeddable":true,"href":"https:\/\/jsrs.tokyo\/index.php?rest_route=\/wp\/v2\/pages\/10"}],"wp:attachment":[{"href":"https:\/\/jsrs.tokyo\/index.php?rest_route=%2Fwp%2Fv2%2Fmedia&parent=28"}],"curies":[{"name":"wp","href":"https:\/\/api.w.org\/{rel}","templated":true}]}}